{"id":44,"date":"2011-12-05T10:02:49","date_gmt":"2011-12-05T10:02:49","guid":{"rendered":"http:\/\/www.dravska-liga.hr\/?page_id=44"},"modified":"2016-10-20T07:49:26","modified_gmt":"2016-10-20T07:49:26","slug":"dravska-liga-2","status":"publish","type":"page","link":"https:\/\/www.dravska-liga.hr\/index.php\/dravska-liga-2\/","title":{"rendered":"Dravska liga"},"content":{"rendered":"<p style=\"text-align: justify;\"><img loading=\"lazy\" decoding=\"async\" class=\"size-medium wp-image-21 alignleft\" title=\"dravska_logo1\" src=\"http:\/\/www.dravska-liga.hr\/wp-content\/uploads\/2011\/12\/dravska_logo1-300x235.jpg\" alt=\"\" width=\"300\" height=\"235\" srcset=\"https:\/\/www.dravska-liga.hr\/wp-content\/uploads\/2011\/12\/dravska_logo1-300x235.jpg 300w, https:\/\/www.dravska-liga.hr\/wp-content\/uploads\/2011\/12\/dravska_logo1.jpg 321w\" sizes=\"auto, (max-width: 300px) 100vw, 300px\" \/>Savez udruga Dravska liga osnovan je 2001. godine. Sada\u0161nja predsjednica je Dora Radosavljevi\u0107. Cilj Saveza je za\u0161tita rijeke, porje\u010dja i pritoka Drave te valorizacija \u010ditavog podru\u010dja budu\u0107eg rezervata biosfere uz tok rijeka Drave, Mure i Dunava. Udruge okupljene u Savezu rade na promicanju za\u0161tite krajolika, ekosustava, biljnih i \u017eivotinjskih vrsta, bioraznolikosti, kulturno-povijesnih vrijednosti i op\u0107enito na za\u0161titi rijeke i porje\u010dja.<\/p>\n<p style=\"text-align: justify;\">U proteklih 15 godina proveden je niz projekata u svezi za\u0161tite Drave i progla\u0161enja Me\u0111unarodnog Rezervata Biofere Mura Drava Dunav, kampanja \u00abSpasimo Dravu-Stop va\u0111enju \u0161ljunka iz korita rijeke\u00bb, (kada je iz Drave izva\u0111eno prvih milijun m3 \u0161ljunka), \u00abTrebam va\u0161u pomo\u0107\u00bb o maloj \u010digri (Sterna albifrons), \u00abMo\u010dvarna stani\u0161ta uz Dravu, Plitvicu i Bednju\u00bb, \u00abDravska Deklaracija\u00bb i dr.<\/p>\n<p style=\"text-align: justify;\">Vi\u0161e o nama mo\u017eete saznati na na\u0161oj web stranici ili nas mo\u017eete kontaktirati putem e-maila:<\/p>\n<p style=\"text-align: center;\"><img loading=\"lazy\" decoding=\"async\" class=\"alignnone size-full wp-image-22\" title=\"mail_dl\" src=\"http:\/\/www.dravska-liga.hr\/wp-content\/uploads\/2011\/12\/mail_dl.jpg\" alt=\"\" width=\"148\" height=\"21\" \/><\/p>\n<p style=\"text-align: justify;\">O na\u0161em radu, projektima i aktivnostima koje provodimo informirati se mo\u017eete i u udrugama \u010dlanicama Saveza udruga \u00abDravska liga\u00bb<\/p>\n","protected":false},"excerpt":{"rendered":"<p>Savez udruga Dravska liga osnovan je 2001. godine. Sada\u0161nja predsjednica je Dora Radosavljevi\u0107. Cilj Saveza je za\u0161tita rijeke, porje\u010dja i pritoka Drave te valorizacija \u010ditavog podru\u010dja budu\u0107eg rezervata biosfere uz tok rijeka Drave, Mure i Dunava. Udruge okupljene u Savezu &hellip; <a href=\"https:\/\/www.dravska-liga.hr\/index.php\/dravska-liga-2\/\">Nastavi \u010ditati <span class=\"meta-nav\">&rarr;<\/span><\/a><\/p>\n","protected":false},"author":2,"featured_media":0,"parent":0,"menu_order":1,"comment_status":"closed","ping_status":"closed","template":"","meta":{"footnotes":""},"class_list":["post-44","page","type-page","status-publish","hentry"],"_links":{"self":[{"href":"https:\/\/www.dravska-liga.hr\/index.php\/wp-json\/wp\/v2\/pages\/44","targetHints":{"allow":["GET"]}}],"collection":[{"href":"https:\/\/www.dravska-liga.hr\/index.php\/wp-json\/wp\/v2\/pages"}],"about":[{"href":"https:\/\/www.dravska-liga.hr\/index.php\/wp-json\/wp\/v2\/types\/page"}],"author":[{"embeddable":true,"href":"https:\/\/www.dravska-liga.hr\/index.php\/wp-json\/wp\/v2\/users\/2"}],"replies":[{"embeddable":true,"href":"https:\/\/www.dravska-liga.hr\/index.php\/wp-json\/wp\/v2\/comments?post=44"}],"version-history":[{"count":0,"href":"https:\/\/www.dravska-liga.hr\/index.php\/wp-json\/wp\/v2\/pages\/44\/revisions"}],"wp:attachment":[{"href":"https:\/\/www.dravska-liga.hr\/index.php\/wp-json\/wp\/v2\/media?parent=44"}],"curies":[{"name":"wp","href":"https:\/\/api.w.org\/{rel}","templated":true}]}}