{"id":41,"date":"2011-12-05T09:47:19","date_gmt":"2011-12-05T09:47:19","guid":{"rendered":"http:\/\/www.dravska-liga.hr\/?page_id=41"},"modified":"2015-02-17T12:37:56","modified_gmt":"2015-02-17T12:37:56","slug":"informiranje-javnosti","status":"publish","type":"page","link":"https:\/\/www.dravska-liga.hr\/index.php\/drava-natura-2000\/informiranje-javnosti\/","title":{"rendered":"Informiranje javnosti"},"content":{"rendered":"<p style=\"text-align: justify;\">O projektu Drava Natura 2000 informirana je javnost putem web stranica Saveza udruga Dravska liga, Udruge NOBILIS \u010cakovec, Udruge Franjo Ko\u0161\u010dec Vara\u017edin, Virovitica.net, u emisijama regionalne vara\u017edinske TV, u emisiji Dobro jutro Hrvatska, na me\u0111unarodnom sajam Lov, ribolov, priroda, turizam od 07. do 09.10.\u00a0 2011. godine.<\/p>\n<p style=\"text-align: justify;\">Na sajmu CEE gdje su izlaga\u010di bili zajedno s ES \u0160kolom od 09 do 11. studenog 2011. godine i u emisiji o projektu na Radio Vara\u017edinu 16. rujna 2011.<\/p>\n<p style=\"text-align: justify;\">Na\u010dinjen je Jingle o projektu Drava-Natura 2000. Osim navedenog o projektu smo govorili u emisiji Vekerica na Vara\u017edinskoj TV, a o gotovo svim projektnim aktivnostima prenesene su informacije u tisku i vijestima.<\/p>\n<!--[if lt IE 9]><script>document.createElement('audio');<\/script><![endif]-->\n<audio class=\"wp-audio-shortcode\" id=\"audio-41-1\" preload=\"none\" style=\"width: 100%;\" controls=\"controls\"><source type=\"audio\/mpeg\" src=\"http:\/\/www.dravska-liga.hr\/wp-content\/uploads\/2011\/12\/Udruga-Franjo-Koscec-3110.mp3?_=1\" \/><a href=\"http:\/\/www.dravska-liga.hr\/wp-content\/uploads\/2011\/12\/Udruga-Franjo-Koscec-3110.mp3\">http:\/\/www.dravska-liga.hr\/wp-content\/uploads\/2011\/12\/Udruga-Franjo-Koscec-3110.mp3<\/a><\/audio>\n","protected":false},"excerpt":{"rendered":"<p>O projektu Drava Natura 2000 informirana je javnost putem web stranica Saveza udruga Dravska liga, Udruge NOBILIS \u010cakovec, Udruge Franjo Ko\u0161\u010dec Vara\u017edin, Virovitica.net, u emisijama regionalne vara\u017edinske TV, u emisiji Dobro jutro Hrvatska, na me\u0111unarodnom sajam Lov, ribolov, priroda, turizam &hellip; <a href=\"https:\/\/www.dravska-liga.hr\/index.php\/drava-natura-2000\/informiranje-javnosti\/\">Nastavi \u010ditati <span class=\"meta-nav\">&rarr;<\/span><\/a><\/p>\n","protected":false},"author":2,"featured_media":0,"parent":28,"menu_order":0,"comment_status":"closed","ping_status":"closed","template":"","meta":{"footnotes":""},"class_list":["post-41","page","type-page","status-publish","hentry"],"_links":{"self":[{"href":"https:\/\/www.dravska-liga.hr\/index.php\/wp-json\/wp\/v2\/pages\/41","targetHints":{"allow":["GET"]}}],"collection":[{"href":"https:\/\/www.dravska-liga.hr\/index.php\/wp-json\/wp\/v2\/pages"}],"about":[{"href":"https:\/\/www.dravska-liga.hr\/index.php\/wp-json\/wp\/v2\/types\/page"}],"author":[{"embeddable":true,"href":"https:\/\/www.dravska-liga.hr\/index.php\/wp-json\/wp\/v2\/users\/2"}],"replies":[{"embeddable":true,"href":"https:\/\/www.dravska-liga.hr\/index.php\/wp-json\/wp\/v2\/comments?post=41"}],"version-history":[{"count":0,"href":"https:\/\/www.dravska-liga.hr\/index.php\/wp-json\/wp\/v2\/pages\/41\/revisions"}],"up":[{"embeddable":true,"href":"https:\/\/www.dravska-liga.hr\/index.php\/wp-json\/wp\/v2\/pages\/28"}],"wp:attachment":[{"href":"https:\/\/www.dravska-liga.hr\/index.php\/wp-json\/wp\/v2\/media?parent=41"}],"curies":[{"name":"wp","href":"https:\/\/api.w.org\/{rel}","templated":true}]}}