{"id":33,"date":"2011-12-05T09:18:14","date_gmt":"2011-12-05T09:18:14","guid":{"rendered":"http:\/\/www.dravska-liga.hr\/?page_id=33"},"modified":"2011-12-09T11:07:23","modified_gmt":"2011-12-09T11:07:23","slug":"edukacijske-aktivnosti","status":"publish","type":"page","link":"https:\/\/www.dravska-liga.hr\/index.php\/drava-natura-2000\/edukacijske-aktivnosti\/","title":{"rendered":"Edukacijske aktivnosti"},"content":{"rendered":"<p style=\"text-align: justify;\">U sklopu provedbe projekta &#8220;Drava &#8211; Natura 2000&#8221; odr\u017eano je \u0161est edukativnih radionica za mlade.<\/p>\n<p style=\"text-align: justify;\">U <strong>Vara\u017edinskoj \u017eupaniji<\/strong> su odr\u017eane 3 radionice.<\/p>\n<ol style=\"text-align: justify;\">\n<li>radionica:\u00a0 Nacionalna ekolo\u0161ka mre\u017ea, potencijalna Nature 2000 podru\u010dja i Regionalni park Drava-Mura (izvoditeljica: Sanja Kopjar, dipl.ing.) u Gradu Vara\u017edinu<\/li>\n<li>radionica:\u00a0 Bogatstvo i posebnost stani\u0161ta uz Dravu, u rijeci Dravi, pritocima i\u00a0\u00a0 priobalju\u00a0 (izvoditeljica: Dora Radosavljevi\u0107, dipl.ing. ) za Op\u0107ine Petrijanec i Sra\u010dinec<\/li>\n<li>radionica:\u00a0 Autohtona i alohtona \u0161umska vegetacija uz Dravu (izvoditelj: Vlado Malez, dipl.ing.) na prostoru Vara\u017edinske \u017eupanije uz obalu rijeke<\/li>\n<\/ol>\n<p style=\"text-align: justify;\">U <strong>Me\u0111imurskoj \u017eupaniji<\/strong> su odr\u017eane dvije radionice:<\/p>\n<ol style=\"text-align: justify;\">\n<li>radionica o Naturi 2000 i raznim propisima kojima se kod nas\u00a0 i EU\u00a0 ostvaruje za\u0161tita prirode\u00a0 (ustav, zakoni, pravilnici i eti\u010dki kodeks) odr\u017eana je 7.9.2011. (izvoditelj Marijan Novak, dipl.ing.) u dvorani u op\u0107ini Nedeli\u0161\u0107e.<\/li>\n<li>radionica je odr\u017eana 9. 11. 2011. godine\u00a0 u O\u0160 Sveti Martin na Muri u Murskom Sredi\u0161\u0107u. Prisutnim u\u010denicima i nastavnicima Ana Bajsi\u0107 iz udruge ZEO Nobilis predstavila je projekt i odr\u017eala predavanje\u00a0 s posebnim osvrtom na najve\u0107i pritok rijeke Drave Muru.<\/li>\n<\/ol>\n<p style=\"text-align: justify;\">U <strong>Viroviti\u010dko-podravskoj \u017eupaniji<\/strong> odr\u017eana je radionica u sklopu projekta Drava-Natura 2000 &#8211; suradnja GLOBE \u0161kola. U petak, 11.11.2011. godine u O\u0160 Ivane Brli\u0107-Ma\u017eurani\u0107 Virovitica odr\u017eana je radionica u sklopu projekta Drava-Natura 2000 kojeg provodi Dravska liga. U radu je sudjelovalo 29 u\u010denika i GLOBE voditelja uklju\u010denih u GLOBE program iz tri viroviti\u010dke GLOBE \u0161kole (O\u0160 Ivane Brli\u0107-Ma\u017eurani\u0107, O\u0160 Vladimira Nazora i Gimnazije Petra Preradovi\u0107a). Nakon predavanja o Maloj \u010digri i sprudovima rijeke Drave te Nacionalnoj ekolo\u0161koj mre\u017ei i Natura 2000 u Hrvatskoj kojeg je odr\u017eala mr.sc. Jasna Razlog-Grlica, voditeljica projekta u\u010denici su pod stru\u010dnim vodstvom nastavnice likovne kulture Ankice Fijale crtali motive \u010digre i rijeke Drave na dravskom kamenju.<\/p>\n<p style=\"text-align: justify;\">Osim toga provedene su tri igraonice za djecu uz Dravsku pou\u010dnu-turisti\u010dku stazu<\/p>\n<p><img loading=\"lazy\" decoding=\"async\" class=\"alignnone size-full wp-image-77 aligncenter\" title=\"zabice1\" src=\"http:\/\/www.dravska-liga.hr\/wp-content\/uploads\/2011\/12\/zabice1.jpg\" alt=\"\" width=\"521\" height=\"354\" srcset=\"https:\/\/www.dravska-liga.hr\/wp-content\/uploads\/2011\/12\/zabice1.jpg 521w, https:\/\/www.dravska-liga.hr\/wp-content\/uploads\/2011\/12\/zabice1-300x203.jpg 300w\" sizes=\"auto, (max-width: 521px) 100vw, 521px\" \/><\/p>\n<ul style=\"text-align: justify;\">\n<li>Igra \u00ab\u017dabice\u00bb provedena je uz stru\u010dno vodstvo Bo\u017eena Goger kineziolog u svibnju 2011.godine.<\/li>\n<li>Igra \u00abTra\u017eilica\u00bb provedena je u\u00a0 lipnju 2011 godine. uz stru\u010dno vodstvo Matija Ciglar,dipl.ing.<\/li>\n<li>Igra \u00abPri\u010dalica\u00bb odr\u017eana je zbog lo\u0161eg vremena\u00a0 u zatvorenom prostoru.<\/li>\n<\/ul>\n<p><img loading=\"lazy\" decoding=\"async\" class=\"alignnone size-full wp-image-78 aligncenter\" title=\"zabice2\" src=\"http:\/\/www.dravska-liga.hr\/wp-content\/uploads\/2011\/12\/zabice2.jpg\" alt=\"\" width=\"521\" height=\"354\" srcset=\"https:\/\/www.dravska-liga.hr\/wp-content\/uploads\/2011\/12\/zabice2.jpg 521w, https:\/\/www.dravska-liga.hr\/wp-content\/uploads\/2011\/12\/zabice2-300x203.jpg 300w\" sizes=\"auto, (max-width: 521px) 100vw, 521px\" \/><\/p>\n<p style=\"text-align: justify;\">Osim toga organizirane su od 01. do 19. lipnja 2011. godine izlo\u017ebe dje\u010djih radova u dvorani za konferencije\u00a0 u hotelu tvrtke Heres d.o.o. (\u00abIstra\u00bb, Kukuljevi\u0107eva 4. Vara\u017edin).<\/p>\n","protected":false},"excerpt":{"rendered":"<p>U sklopu provedbe projekta &#8220;Drava &#8211; Natura 2000&#8221; odr\u017eano je \u0161est edukativnih radionica za mlade. U Vara\u017edinskoj \u017eupaniji su odr\u017eane 3 radionice. radionica:\u00a0 Nacionalna ekolo\u0161ka mre\u017ea, potencijalna Nature 2000 podru\u010dja i Regionalni park Drava-Mura (izvoditeljica: Sanja Kopjar, dipl.ing.) u Gradu &hellip; <a href=\"https:\/\/www.dravska-liga.hr\/index.php\/drava-natura-2000\/edukacijske-aktivnosti\/\">Nastavi \u010ditati <span class=\"meta-nav\">&rarr;<\/span><\/a><\/p>\n","protected":false},"author":2,"featured_media":39,"parent":28,"menu_order":0,"comment_status":"closed","ping_status":"closed","template":"","meta":{"footnotes":""},"class_list":["post-33","page","type-page","status-publish","has-post-thumbnail","hentry"],"_links":{"self":[{"href":"https:\/\/www.dravska-liga.hr\/index.php\/wp-json\/wp\/v2\/pages\/33","targetHints":{"allow":["GET"]}}],"collection":[{"href":"https:\/\/www.dravska-liga.hr\/index.php\/wp-json\/wp\/v2\/pages"}],"about":[{"href":"https:\/\/www.dravska-liga.hr\/index.php\/wp-json\/wp\/v2\/types\/page"}],"author":[{"embeddable":true,"href":"https:\/\/www.dravska-liga.hr\/index.php\/wp-json\/wp\/v2\/users\/2"}],"replies":[{"embeddable":true,"href":"https:\/\/www.dravska-liga.hr\/index.php\/wp-json\/wp\/v2\/comments?post=33"}],"version-history":[{"count":0,"href":"https:\/\/www.dravska-liga.hr\/index.php\/wp-json\/wp\/v2\/pages\/33\/revisions"}],"up":[{"embeddable":true,"href":"https:\/\/www.dravska-liga.hr\/index.php\/wp-json\/wp\/v2\/pages\/28"}],"wp:featuredmedia":[{"embeddable":true,"href":"https:\/\/www.dravska-liga.hr\/index.php\/wp-json\/wp\/v2\/media\/39"}],"wp:attachment":[{"href":"https:\/\/www.dravska-liga.hr\/index.php\/wp-json\/wp\/v2\/media?parent=33"}],"curies":[{"name":"wp","href":"https:\/\/api.w.org\/{rel}","templated":true}]}}