{"id":32,"date":"2011-12-05T09:13:18","date_gmt":"2011-12-05T09:13:18","guid":{"rendered":"http:\/\/www.dravska-liga.hr\/?page_id=32"},"modified":"2011-12-09T10:47:01","modified_gmt":"2011-12-09T10:47:01","slug":"okrugli-stol-u-srediscu-ob-dravi","status":"publish","type":"page","link":"https:\/\/www.dravska-liga.hr\/index.php\/drava-natura-2000\/primjeri-dobre-prakse-iz-eu\/okrugli-stol-u-srediscu-ob-dravi\/","title":{"rendered":"Okrugli stol u Sredi\u0161\u010du ob Dravi"},"content":{"rendered":"<p style=\"text-align: justify;\">Na Okruglom stolu koji je odr\u017ean u Sredi\u0161\u010du ob Dravi u dvorani zgrade njihove\u00a0 op\u0107ine o Naturi 2000, provedbi mjera za\u0161tite i aktivnostima koje se na prostoru uz rijeku Dravu provode govorio je \u017eupan Op\u010dine Sredi\u0161\u010de ob Dravi. U op\u0107ini se provode aktivnosti kojima je cilj da se prostor uz Dravu za\u0161titi i u kategoriji Krajinskog parka, budu\u0107i da se time u Sloveniji osigurava vi\u0161i stupanj za\u0161tite od same Nature 2000, a da biolo\u0161ka raznolikost i ljepota krajobraza trebaju takvu vrstu za\u0161tite.<\/p>\n<p style=\"text-align: justify;\">Turizam i prate\u0107e gospodarske aktivnosti tek se razvijaju, izra\u0111eni su planovi i program za naredno trogodi\u0161nje razdoblje u kojem se predvi\u0111a i nastavak prekograni\u010dne suradnje i zajedni\u010dki projekti.<\/p>\n<p><img loading=\"lazy\" decoding=\"async\" class=\"alignnone size-full wp-image-61 aligncenter\" title=\"ok_s1\" src=\"http:\/\/www.dravska-liga.hr\/wp-content\/uploads\/2011\/12\/ok_s1.jpg\" alt=\"\" width=\"521\" height=\"354\" srcset=\"https:\/\/www.dravska-liga.hr\/wp-content\/uploads\/2011\/12\/ok_s1.jpg 521w, https:\/\/www.dravska-liga.hr\/wp-content\/uploads\/2011\/12\/ok_s1-300x203.jpg 300w\" sizes=\"auto, (max-width: 521px) 100vw, 521px\" \/><\/p>\n<p style=\"text-align: justify;\">U tijeku su aktivnosti usmjerene na pro\u010di\u0161\u0107avanje komunalnih otpadnih voda i investicije u infrastrukturu, koje se sufinanciraju sredstvima EU-prekograni\u010dni IPA projekt SL-HR.\u00a0 \u00abPijemo istu vodu\u00bb na kojem sura\u0111uje Op\u010dina Sredi\u0161\u010de ob Dravi s op\u0107inom Nedeli\u0161\u0107e iz Hrvatske. Vi\u0161e o ovom projektu ispri\u010dala je Jelka Zidari\u010d-Trstenjak, pravnica, koja i koordinira projektne aktivnosti.<\/p>\n<p style=\"text-align: justify;\">Kako je velik dio obra\u0111ivanih poljoprivrednih povr\u0161ina uz rijeku Dravu svakako nije svejedno \u010dime se te povr\u0161ine prihranjuju i tretiraju, budu\u0107i da je tlo uz rijeku izgra\u0111eno od dravskog aluvijalnog \u0161ljunka pa svako zaga\u0111enje prolazi u le\u017ei\u0161te podzemne vode i rijeku. Govorila je i o tome \u0161to je to integrirana poljoprivredna proizvodnja u Sloveniji, koje su sve razlike u odnosu na raniji na\u010din obra\u0111ivanja tla te kako se provodi i nadzire obrada i prihrana u skladu s zahtjevima EU, te koje su posebnosti na prostoru uz Dravu obzirom na za\u0161titu u kategoriji Natura 2000.<\/p>\n<p style=\"text-align: justify;\">Skupu su nazo\u010dili \u010dlanovi raznih organizacija civilnoga dru\u0161tva koje provode odre\u0111ene aktivnosti na prostoru uz rijeku i to iz DOPS-a, iz Eko dru\u017ebe\u00a0 zavr\u0161nih razreda Gimnazije Ormo\u017e, Ribi\u010dke dru\u017eine iz Ormo\u017ea, iz Lovske zveze Slovenije i Lovske dru\u017eine Sredi\u0161\u010de, kao i mje\u0161tani\u00a0 susjednih naselja Frankovci, Obre\u017e i Grabe (to su naselja uz Dravu u podru\u010dju obuhvata Nature 2000 i budu\u0107eg Krajinskog parka Sredi\u0161\u010da ob Dravi).<\/p>\n<p><img loading=\"lazy\" decoding=\"async\" class=\"alignnone size-full wp-image-62 aligncenter\" title=\"ok_s2\" src=\"http:\/\/www.dravska-liga.hr\/wp-content\/uploads\/2011\/12\/ok_s2.jpg\" alt=\"\" width=\"521\" height=\"354\" srcset=\"https:\/\/www.dravska-liga.hr\/wp-content\/uploads\/2011\/12\/ok_s2.jpg 521w, https:\/\/www.dravska-liga.hr\/wp-content\/uploads\/2011\/12\/ok_s2-300x203.jpg 300w\" sizes=\"auto, (max-width: 521px) 100vw, 521px\" \/><\/p>\n<p style=\"text-align: justify;\">Boris Ko\u010devar, \u010dlan DOPS-a koji se ve\u0107 vi\u0161e od 10 godina bavi pra\u0107enjem ptica i stani\u0161ta uz Dravu upoznao je nazo\u010dne s biolo\u0161kom raznolikosti \u00abna podro\u010dju obmo\u010dja bodo\u010dega Krajinskega parka\u00bb, uo\u010denim problemima u svezi s akumulacijama HE, s protokom vode u koritu rijeke i poplavnim prostorom uz pritoke Drave Pavlovski potok, Libanja, \u010crnec, Trnava i Zelena. Prisutnim gostima iz Hrvatske podijeljena je njegova bro\u0161ura s kartom obuhvata budu\u0107eg prostora parka.<\/p>\n<p style=\"text-align: justify;\">Nakon izlaganja doma\u0107ina predsjednik Dravske lige Ivan Darko Grlica je u prezentaciji izlo\u017eio kakvi su rezultati njegovog istra\u017eivanja u pograni\u010dnom prostoru rijeke Drave od Zavr\u010da do Vara\u017edina s posebnim osvrtom na uo\u010dene promijene, odnosno daljnje smanjenje broja bregunica, p\u010delarica i drugih ugro\u017eenih ptica na prostoru rijeke.<\/p>\n<p style=\"text-align: justify;\">Vesna Petanjek je prisutne upoznala s zapo\u010detom edukacijom volontera IPA \u00abCity Volunteers\u00bb (prekograni\u010dna suradnja SL-HR 2011-2013) u Regionalnom Volonterskom Centru u Vara\u017edinu u sklopu koje \u0107e se educirati i okoli\u0161ni volonteri-odnosno osobe koje bi volonterski obavljale posao tzv \u00abEco-rangera\u00bb. Oni bi bilje\u017eili, fotodokumentirali i prijavljivali svaku devastaciju ili one\u010di\u0161\u0107enje, bespravnu izgradnju i sl. promjene na prostoru uz Dravu.<\/p>\n<p><img loading=\"lazy\" decoding=\"async\" class=\"alignnone size-full wp-image-63 aligncenter\" title=\"ok_s3\" src=\"http:\/\/www.dravska-liga.hr\/wp-content\/uploads\/2011\/12\/ok_s3.jpg\" alt=\"\" width=\"521\" height=\"354\" srcset=\"https:\/\/www.dravska-liga.hr\/wp-content\/uploads\/2011\/12\/ok_s3.jpg 521w, https:\/\/www.dravska-liga.hr\/wp-content\/uploads\/2011\/12\/ok_s3-300x203.jpg 300w\" sizes=\"auto, (max-width: 521px) 100vw, 521px\" \/><\/p>\n<p style=\"text-align: justify;\">Osim \u0161to su nakon prezentacije u raspravi sudjelovali\u00a0 prisutni odrasli sudionici okruglog stola u raspravu su se uklju\u010dili i u\u010denici Gimnazije iz Ormo\u017ea, koji su iznijeli svoja zapa\u017eanja o kretanju pojedinih za\u0161ti\u0107enih ptica i drugih \u017eivotinja, kao i uo\u010denih \u0161teta koje su po\u010dinile odrasle osobe na podru\u010dju koje uz rijeku obuhva\u0107a Natura 2000 u ovom dijelu Slovenije. Uo\u010deni su s tim u svezi i odre\u0111eni nedostaci u provedbi za\u0161tite u kategoriji Natura 2000 na podru\u010dju Slovenije, te su upozorili goste iz Hrvatske na \u0161to \u0107emo trebati posebno obratiti pa\u017enju.<\/p>\n","protected":false},"excerpt":{"rendered":"<p>Na Okruglom stolu koji je odr\u017ean u Sredi\u0161\u010du ob Dravi u dvorani zgrade njihove\u00a0 op\u0107ine o Naturi 2000, provedbi mjera za\u0161tite i aktivnostima koje se na prostoru uz rijeku Dravu provode govorio je \u017eupan Op\u010dine Sredi\u0161\u010de ob Dravi. U op\u0107ini &hellip; <a href=\"https:\/\/www.dravska-liga.hr\/index.php\/drava-natura-2000\/primjeri-dobre-prakse-iz-eu\/okrugli-stol-u-srediscu-ob-dravi\/\">Nastavi \u010ditati <span class=\"meta-nav\">&rarr;<\/span><\/a><\/p>\n","protected":false},"author":2,"featured_media":0,"parent":30,"menu_order":0,"comment_status":"closed","ping_status":"closed","template":"","meta":{"footnotes":""},"class_list":["post-32","page","type-page","status-publish","hentry"],"_links":{"self":[{"href":"https:\/\/www.dravska-liga.hr\/index.php\/wp-json\/wp\/v2\/pages\/32","targetHints":{"allow":["GET"]}}],"collection":[{"href":"https:\/\/www.dravska-liga.hr\/index.php\/wp-json\/wp\/v2\/pages"}],"about":[{"href":"https:\/\/www.dravska-liga.hr\/index.php\/wp-json\/wp\/v2\/types\/page"}],"author":[{"embeddable":true,"href":"https:\/\/www.dravska-liga.hr\/index.php\/wp-json\/wp\/v2\/users\/2"}],"replies":[{"embeddable":true,"href":"https:\/\/www.dravska-liga.hr\/index.php\/wp-json\/wp\/v2\/comments?post=32"}],"version-history":[{"count":0,"href":"https:\/\/www.dravska-liga.hr\/index.php\/wp-json\/wp\/v2\/pages\/32\/revisions"}],"up":[{"embeddable":true,"href":"https:\/\/www.dravska-liga.hr\/index.php\/wp-json\/wp\/v2\/pages\/30"}],"wp:attachment":[{"href":"https:\/\/www.dravska-liga.hr\/index.php\/wp-json\/wp\/v2\/media?parent=32"}],"curies":[{"name":"wp","href":"https:\/\/api.w.org\/{rel}","templated":true}]}}