{"id":30,"date":"2011-12-05T09:08:32","date_gmt":"2011-12-05T09:08:32","guid":{"rendered":"http:\/\/www.dravska-liga.hr\/?page_id=30"},"modified":"2011-12-05T09:48:46","modified_gmt":"2011-12-05T09:48:46","slug":"primjeri-dobre-prakse-iz-eu","status":"publish","type":"page","link":"https:\/\/www.dravska-liga.hr\/index.php\/drava-natura-2000\/primjeri-dobre-prakse-iz-eu\/","title":{"rendered":"Primjeri dobre prakse"},"content":{"rendered":"<p>O promjenama koje donosi Natura 2000:<\/p>\n<ul>\n<li><a href=\"http:\/\/www.dravska-liga.hr\/index.php\/drava-natura-2000\/primjeri-dobre-prakse-iz-eu\/okrugli-stol-u-varazdinu\/\">OKRUGLI STOL U VARA\u017dDINU<\/a><\/li>\n<li><a href=\"http:\/\/www.dravska-liga.hr\/index.php\/drava-natura-2000\/primjeri-dobre-prakse-iz-eu\/okrugli-stol-u-srediscu-ob-dravi\/\">OKRUGLI STOL U SREDI\u0160\u010cU OB DRAVI<\/a><\/li>\n<\/ul>\n","protected":false},"excerpt":{"rendered":"<p>O promjenama koje donosi Natura 2000: OKRUGLI STOL U VARA\u017dDINU OKRUGLI STOL U SREDI\u0160\u010cU OB DRAVI<\/p>\n","protected":false},"author":2,"featured_media":0,"parent":28,"menu_order":0,"comment_status":"closed","ping_status":"closed","template":"","meta":{"footnotes":""},"class_list":["post-30","page","type-page","status-publish","hentry"],"_links":{"self":[{"href":"https:\/\/www.dravska-liga.hr\/index.php\/wp-json\/wp\/v2\/pages\/30","targetHints":{"allow":["GET"]}}],"collection":[{"href":"https:\/\/www.dravska-liga.hr\/index.php\/wp-json\/wp\/v2\/pages"}],"about":[{"href":"https:\/\/www.dravska-liga.hr\/index.php\/wp-json\/wp\/v2\/types\/page"}],"author":[{"embeddable":true,"href":"https:\/\/www.dravska-liga.hr\/index.php\/wp-json\/wp\/v2\/users\/2"}],"replies":[{"embeddable":true,"href":"https:\/\/www.dravska-liga.hr\/index.php\/wp-json\/wp\/v2\/comments?post=30"}],"version-history":[{"count":0,"href":"https:\/\/www.dravska-liga.hr\/index.php\/wp-json\/wp\/v2\/pages\/30\/revisions"}],"up":[{"embeddable":true,"href":"https:\/\/www.dravska-liga.hr\/index.php\/wp-json\/wp\/v2\/pages\/28"}],"wp:attachment":[{"href":"https:\/\/www.dravska-liga.hr\/index.php\/wp-json\/wp\/v2\/media?parent=30"}],"curies":[{"name":"wp","href":"https:\/\/api.w.org\/{rel}","templated":true}]}}